{"id":501,"date":"2021-01-30T15:42:24","date_gmt":"2021-01-30T20:42:24","guid":{"rendered":"https:\/\/skykitchen.pe\/?page_id=501"},"modified":"2025-09-22T13:39:52","modified_gmt":"2025-09-22T18:39:52","slug":"directions","status":"publish","type":"page","link":"https:\/\/skykitchen.pe\/es\/directions\/","title":{"rendered":"Ubicaci\u00f3n"},"content":{"rendered":"<div data-elementor-type=\"wp-page\" data-elementor-id=\"501\" class=\"elementor elementor-501\">\n\t\t\t\t\t\t<section class=\"elementor-section elementor-top-section elementor-element elementor-element-ede6f42 elementor-section-boxed elementor-section-height-default elementor-section-height-default\" data-id=\"ede6f42\" data-element_type=\"section\" data-settings=\"{&quot;background_background&quot;:&quot;classic&quot;}\">\n\t\t\t\t\t\t\t<div class=\"elementor-background-overlay\"><\/div>\n\t\t\t\t\t\t\t<div class=\"elementor-container elementor-column-gap-default\">\n\t\t\t\t\t<div class=\"elementor-column elementor-col-100 elementor-top-column elementor-element elementor-element-bc6a053\" data-id=\"bc6a053\" data-element_type=\"column\">\n\t\t\t<div class=\"elementor-widget-wrap elementor-element-populated\">\n\t\t\t\t\t\t<div class=\"elementor-element elementor-element-32a6ad1b elementor-widget elementor-widget-heading\" data-id=\"32a6ad1b\" data-element_type=\"widget\" data-widget_type=\"heading.default\">\n\t\t\t\t<div class=\"elementor-widget-container\">\n\t\t\t\t\t<h1 class=\"elementor-heading-title elementor-size-default\">Ubicaci\u00f3n<\/h1>\t\t\t\t<\/div>\n\t\t\t\t<\/div>\n\t\t\t\t\t<\/div>\n\t\t<\/div>\n\t\t\t\t\t<\/div>\n\t\t<\/section>\n\t\t\t\t<section class=\"elementor-section elementor-top-section elementor-element elementor-element-29b02a85 elementor-section-content-top elementor-section-boxed elementor-section-height-default elementor-section-height-default\" data-id=\"29b02a85\" data-element_type=\"section\">\n\t\t\t\t\t\t<div class=\"elementor-container elementor-column-gap-no\">\n\t\t\t\t\t<div class=\"elementor-column elementor-col-100 elementor-top-column elementor-element elementor-element-30c96c92\" data-id=\"30c96c92\" data-element_type=\"column\">\n\t\t\t<div class=\"elementor-widget-wrap elementor-element-populated\">\n\t\t\t\t\t\t<div class=\"elementor-element elementor-element-e8e2a9b elementor-widget elementor-widget-heading\" data-id=\"e8e2a9b\" data-element_type=\"widget\" data-widget_type=\"heading.default\">\n\t\t\t\t<div class=\"elementor-widget-container\">\n\t\t\t\t\t<h3 class=\"elementor-heading-title elementor-size-default\">Direcci\u00f3n:<\/h3>\t\t\t\t<\/div>\n\t\t\t\t<\/div>\n\t\t\t\t<section class=\"elementor-section elementor-inner-section elementor-element elementor-element-ad65c7c elementor-section-boxed elementor-section-height-default elementor-section-height-default\" data-id=\"ad65c7c\" data-element_type=\"section\">\n\t\t\t\t\t\t<div class=\"elementor-container elementor-column-gap-default\">\n\t\t\t\t\t<div class=\"elementor-column elementor-col-50 elementor-inner-column elementor-element elementor-element-4345d65\" data-id=\"4345d65\" data-element_type=\"column\">\n\t\t\t<div class=\"elementor-widget-wrap elementor-element-populated\">\n\t\t\t\t\t\t<div class=\"elementor-element elementor-element-03f7ec1 elementor-widget elementor-widget-text-editor\" data-id=\"03f7ec1\" data-element_type=\"widget\" data-widget_type=\"text-editor.default\">\n\t\t\t\t<div class=\"elementor-widget-container\">\n\t\t\t\t\t\t\t\t\t<p><strong><br \/>SkyKitchen<\/strong><br \/>Enrique Palacios 470, Dpto. 701<br \/>Miraflores, Lima<br \/>15074 Lima &#8211; Per\u00fa<\/p>\t\t\t\t\t\t\t\t<\/div>\n\t\t\t\t<\/div>\n\t\t\t\t<div class=\"elementor-element elementor-element-2f24283 elementor-widget elementor-widget-text-editor\" data-id=\"2f24283\" data-element_type=\"widget\" data-widget_type=\"text-editor.default\">\n\t\t\t\t<div class=\"elementor-widget-container\">\n\t\t\t\t\t\t\t\t\t<p><strong>Importante<\/strong>: Si ha reservado una clase con tour por el mercado el encuentro ser\u00e1 en el mercado  (descripci\u00f3n abajo)<\/p>\t\t\t\t\t\t\t\t<\/div>\n\t\t\t\t<\/div>\n\t\t\t\t<div class=\"elementor-element elementor-element-ff1c11b elementor-widget elementor-widget-heading\" data-id=\"ff1c11b\" data-element_type=\"widget\" data-widget_type=\"heading.default\">\n\t\t\t\t<div class=\"elementor-widget-container\">\n\t\t\t\t\t<h3 class=\"elementor-heading-title elementor-size-default\">C\u00f3mo llegar:<\/h3>\t\t\t\t<\/div>\n\t\t\t\t<\/div>\n\t\t\t\t<div class=\"elementor-element elementor-element-06b66a0 elementor-widget elementor-widget-image\" data-id=\"06b66a0\" data-element_type=\"widget\" data-widget_type=\"image.default\">\n\t\t\t\t<div class=\"elementor-widget-container\">\n\t\t\t\t\t\t\t\t\t\t\t\t\t\t\t<img fetchpriority=\"high\" decoding=\"async\" width=\"955\" height=\"1024\" src=\"https:\/\/skykitchen.pe\/wp-content\/uploads\/2022\/12\/IMG_20221129_150855-955x1024.jpg\" class=\"attachment-large size-large wp-image-1049\" alt=\"\" srcset=\"https:\/\/skykitchen.pe\/wp-content\/uploads\/2022\/12\/IMG_20221129_150855-955x1024.jpg 955w, https:\/\/skykitchen.pe\/wp-content\/uploads\/2022\/12\/IMG_20221129_150855-280x300.jpg 280w, https:\/\/skykitchen.pe\/wp-content\/uploads\/2022\/12\/IMG_20221129_150855-768x823.jpg 768w, https:\/\/skykitchen.pe\/wp-content\/uploads\/2022\/12\/IMG_20221129_150855-1433x1536.jpg 1433w, https:\/\/skykitchen.pe\/wp-content\/uploads\/2022\/12\/IMG_20221129_150855-11x12.jpg 11w, https:\/\/skykitchen.pe\/wp-content\/uploads\/2022\/12\/IMG_20221129_150855.jpg 1679w\" sizes=\"(max-width: 955px) 100vw, 955px\" \/>\t\t\t\t\t\t\t\t\t\t\t\t\t\t\t<\/div>\n\t\t\t\t<\/div>\n\t\t\t\t<div class=\"elementor-element elementor-element-733d7a8 elementor-widget elementor-widget-text-editor\" data-id=\"733d7a8\" data-element_type=\"widget\" data-widget_type=\"text-editor.default\">\n\t\t\t\t<div class=\"elementor-widget-container\">\n\t\t\t\t\t\t\t\t\t<p>Usen el siguiente link para encontrarnos en Google maps:<br \/><strong><span style=\"text-decoration: underline;\"><a href=\"https:\/\/goo.gl\/maps\/h4jXJ2fMDMz\">https:\/\/goo.gl\/maps\/h4jXJ2fMDMz<\/a><\/span><\/strong><\/p><p><strong><span style=\"color: #ff0000;\">Tip:<\/span><\/strong><br \/>Si toman un aplicativo de taxi o maps, mejor ingresen 'SkyKitchen' en la b\u00fasqueda en vez de manualmente ingresar la direcci\u00f3n. En caso del market tour ingresar 'Mercado 1 Surquillo'. Los aplicativos para taxi m\u00e1s usados en Lima son Uber, Cabify, y Didi. En caso est\u00e9n en Miraflores probablemente pueden caminar.<\/p>\t\t\t\t\t\t\t\t<\/div>\n\t\t\t\t<\/div>\n\t\t\t\t\t<\/div>\n\t\t<\/div>\n\t\t\t\t<div class=\"elementor-column elementor-col-50 elementor-inner-column elementor-element elementor-element-ac4e2b8\" data-id=\"ac4e2b8\" data-element_type=\"column\">\n\t\t\t<div class=\"elementor-widget-wrap elementor-element-populated\">\n\t\t\t\t\t\t<div class=\"elementor-element elementor-element-5290208 elementor-widget elementor-widget-spacer\" data-id=\"5290208\" data-element_type=\"widget\" data-widget_type=\"spacer.default\">\n\t\t\t\t<div class=\"elementor-widget-container\">\n\t\t\t\t\t\t\t<div class=\"elementor-spacer\">\n\t\t\t<div class=\"elementor-spacer-inner\"><\/div>\n\t\t<\/div>\n\t\t\t\t\t\t<\/div>\n\t\t\t\t<\/div>\n\t\t\t\t<div class=\"elementor-element elementor-element-35a2621 elementor-widget elementor-widget-text-editor\" data-id=\"35a2621\" data-element_type=\"widget\" data-widget_type=\"text-editor.default\">\n\t\t\t\t<div class=\"elementor-widget-container\">\n\t\t\t\t\t\t\t\t\t<p><strong style=\"font-size: 16px;\"><span style=\"color: #ff0000;\">En la puerta:<\/span><\/strong><\/p><p>Las clase se imparten en la casa privada de los fundadores de SkyKitchen, en un edificio residencial, por lo cual no podemos colocar letreros en la entrada.<br \/>Por favor tocar el timbre para el portero, el cual los deja pasar y no llama para avisar su llegada. Usar el ascensor hasta el s\u00e9ptimo piso y salir hac\u00eda la derecha. Tocar la primera puerta a la derecha con numero 701.<\/p>\t\t\t\t\t\t\t\t<\/div>\n\t\t\t\t<\/div>\n\t\t\t\t<div class=\"elementor-element elementor-element-409be4f elementor-widget elementor-widget-image\" data-id=\"409be4f\" data-element_type=\"widget\" data-widget_type=\"image.default\">\n\t\t\t\t<div class=\"elementor-widget-container\">\n\t\t\t\t\t\t\t\t\t\t\t\t\t\t\t<img decoding=\"async\" width=\"736\" height=\"1024\" src=\"https:\/\/skykitchen.pe\/wp-content\/uploads\/2022\/12\/IMG_20221129_150922-736x1024.jpg\" class=\"attachment-large size-large wp-image-1050\" alt=\"\" srcset=\"https:\/\/skykitchen.pe\/wp-content\/uploads\/2022\/12\/IMG_20221129_150922-736x1024.jpg 736w, https:\/\/skykitchen.pe\/wp-content\/uploads\/2022\/12\/IMG_20221129_150922-216x300.jpg 216w, https:\/\/skykitchen.pe\/wp-content\/uploads\/2022\/12\/IMG_20221129_150922-768x1068.jpg 768w, https:\/\/skykitchen.pe\/wp-content\/uploads\/2022\/12\/IMG_20221129_150922-1104x1536.jpg 1104w, https:\/\/skykitchen.pe\/wp-content\/uploads\/2022\/12\/IMG_20221129_150922-9x12.jpg 9w, https:\/\/skykitchen.pe\/wp-content\/uploads\/2022\/12\/IMG_20221129_150922.jpg 1294w\" sizes=\"(max-width: 736px) 100vw, 736px\" \/>\t\t\t\t\t\t\t\t\t\t\t\t\t\t\t<\/div>\n\t\t\t\t<\/div>\n\t\t\t\t\t<\/div>\n\t\t<\/div>\n\t\t\t\t\t<\/div>\n\t\t<\/section>\n\t\t\t\t\t<\/div>\n\t\t<\/div>\n\t\t\t\t\t<\/div>\n\t\t<\/section>\n\t\t\t\t<section class=\"elementor-section elementor-top-section elementor-element elementor-element-04c44e6 elementor-section-boxed elementor-section-height-default elementor-section-height-default\" data-id=\"04c44e6\" data-element_type=\"section\">\n\t\t\t\t\t\t<div class=\"elementor-container elementor-column-gap-default\">\n\t\t\t\t\t<div class=\"elementor-column elementor-col-100 elementor-top-column elementor-element elementor-element-7caaadf\" data-id=\"7caaadf\" data-element_type=\"column\">\n\t\t\t<div class=\"elementor-widget-wrap elementor-element-populated\">\n\t\t\t\t\t\t<div class=\"elementor-element elementor-element-51685b1 elementor-widget elementor-widget-heading\" data-id=\"51685b1\" data-element_type=\"widget\" data-widget_type=\"heading.default\">\n\t\t\t\t<div class=\"elementor-widget-container\">\n\t\t\t\t\t<h2 class=\"elementor-heading-title elementor-size-default\">Ubicaci\u00f3n de nuestras instalaciones<\/h2>\t\t\t\t<\/div>\n\t\t\t\t<\/div>\n\t\t\t\t\t<\/div>\n\t\t<\/div>\n\t\t\t\t\t<\/div>\n\t\t<\/section>\n\t\t\t\t<section class=\"elementor-section elementor-top-section elementor-element elementor-element-833a6ae elementor-section-boxed elementor-section-height-default elementor-section-height-default\" data-id=\"833a6ae\" data-element_type=\"section\">\n\t\t\t\t\t\t<div class=\"elementor-container elementor-column-gap-default\">\n\t\t\t\t\t<div class=\"elementor-column elementor-col-100 elementor-top-column elementor-element elementor-element-9fccfb4\" data-id=\"9fccfb4\" data-element_type=\"column\">\n\t\t\t<div class=\"elementor-widget-wrap elementor-element-populated\">\n\t\t\t\t\t\t<div class=\"elementor-element elementor-element-ad28dfa elementor-widget elementor-widget-google_maps\" data-id=\"ad28dfa\" data-element_type=\"widget\" data-widget_type=\"google_maps.default\">\n\t\t\t\t<div class=\"elementor-widget-container\">\n\t\t\t\t\t\t\t<div class=\"elementor-custom-embed\">\n\t\t\t<iframe loading=\"lazy\"\n\t\t\t\t\tsrc=\"https:\/\/maps.google.com\/maps?q=Skykitchen%20Peruvian%20Cooking%20Classes&#038;t=m&#038;z=16&#038;output=embed&#038;iwloc=near\"\n\t\t\t\t\ttitle=\"Skykitchen Peruvian Cooking Classes\"\n\t\t\t\t\taria-label=\"Skykitchen Peruvian Cooking Classes\"\n\t\t\t><\/iframe>\n\t\t<\/div>\n\t\t\t\t\t\t<\/div>\n\t\t\t\t<\/div>\n\t\t\t\t\t<\/div>\n\t\t<\/div>\n\t\t\t\t\t<\/div>\n\t\t<\/section>\n\t\t\t\t<section class=\"elementor-section elementor-top-section elementor-element elementor-element-e4b36f7 elementor-section-boxed elementor-section-height-default elementor-section-height-default\" data-id=\"e4b36f7\" data-element_type=\"section\">\n\t\t\t\t\t\t<div class=\"elementor-container elementor-column-gap-default\">\n\t\t\t\t\t<div class=\"elementor-column elementor-col-100 elementor-top-column elementor-element elementor-element-91f2d15\" data-id=\"91f2d15\" data-element_type=\"column\">\n\t\t\t<div class=\"elementor-widget-wrap elementor-element-populated\">\n\t\t\t\t\t\t<div class=\"elementor-element elementor-element-6ebb058 elementor-widget elementor-widget-spacer\" data-id=\"6ebb058\" data-element_type=\"widget\" data-widget_type=\"spacer.default\">\n\t\t\t\t<div class=\"elementor-widget-container\">\n\t\t\t\t\t\t\t<div class=\"elementor-spacer\">\n\t\t\t<div class=\"elementor-spacer-inner\"><\/div>\n\t\t<\/div>\n\t\t\t\t\t\t<\/div>\n\t\t\t\t<\/div>\n\t\t\t\t<div class=\"elementor-element elementor-element-b672844 elementor-widget elementor-widget-heading\" data-id=\"b672844\" data-element_type=\"widget\" data-widget_type=\"heading.default\">\n\t\t\t\t<div class=\"elementor-widget-container\">\n\t\t\t\t\t<h2 class=\"elementor-heading-title elementor-size-default\">Ubicaci\u00f3n del mercado<\/h2>\t\t\t\t<\/div>\n\t\t\t\t<\/div>\n\t\t\t\t\t<\/div>\n\t\t<\/div>\n\t\t\t\t\t<\/div>\n\t\t<\/section>\n\t\t\t\t<section class=\"elementor-section elementor-top-section elementor-element elementor-element-66b3688 elementor-section-boxed elementor-section-height-default elementor-section-height-default\" data-id=\"66b3688\" data-element_type=\"section\">\n\t\t\t\t\t\t<div class=\"elementor-container elementor-column-gap-default\">\n\t\t\t\t\t<div class=\"elementor-column elementor-col-100 elementor-top-column elementor-element elementor-element-3bd2469\" data-id=\"3bd2469\" data-element_type=\"column\">\n\t\t\t<div class=\"elementor-widget-wrap elementor-element-populated\">\n\t\t\t\t\t\t<div class=\"elementor-element elementor-element-81dd194 elementor-widget elementor-widget-text-editor\" data-id=\"81dd194\" data-element_type=\"widget\" data-widget_type=\"text-editor.default\">\n\t\t\t\t<div class=\"elementor-widget-container\">\n\t\t\t\t\t\t\t\t\t<p>Para el market tour nos encontraremos directamente en la entrada principal del Mercado 1 de Surquillo a las 9:00am por debajo de las letras \"Mercado 1\".<\/p>\n<p>Con este link pueden ubicar el mercado: <a href=\"https:\/\/goo.gl\/maps\/G5w6chwEQBGcFEwX9\">https:\/\/goo.gl\/maps\/G5w6chwEQBGcFEwX9<\/a><\/p>\n<p>En caso de usar una app de taxi (uber, didi, cabify, beat) puede poner 'Mercado 1 de Surquillo' en el buscador.<\/p>\n<p>En caso de tomar un taxi tradicional dar la \"Estaci\u00f3n Ricardo Palma\" como referencia, una estaci\u00f3n del Metropolitano. Todos los taxistas saben d\u00f3nde est\u00e1. Desde la entrada de la estaci\u00f3n se puede ver el mercado.<\/p>\t\t\t\t\t\t\t\t<\/div>\n\t\t\t\t<\/div>\n\t\t\t\t<div class=\"elementor-element elementor-element-e63c419 elementor-widget elementor-widget-google_maps\" data-id=\"e63c419\" data-element_type=\"widget\" data-widget_type=\"google_maps.default\">\n\t\t\t\t<div class=\"elementor-widget-container\">\n\t\t\t\t\t\t\t<div class=\"elementor-custom-embed\">\n\t\t\t<iframe loading=\"lazy\"\n\t\t\t\t\tsrc=\"https:\/\/maps.google.com\/maps?q=Mercado%20N%C2%BA1%20de%20Surquillo&#038;t=m&#038;z=16&#038;output=embed&#038;iwloc=near\"\n\t\t\t\t\ttitle=\"Mercado N\u00ba1 de Surquillo\"\n\t\t\t\t\taria-label=\"Mercado N\u00ba1 de Surquillo\"\n\t\t\t><\/iframe>\n\t\t<\/div>\n\t\t\t\t\t\t<\/div>\n\t\t\t\t<\/div>\n\t\t\t\t\t<\/div>\n\t\t<\/div>\n\t\t\t\t\t<\/div>\n\t\t<\/section>\n\t\t\t\t<section class=\"elementor-section elementor-top-section elementor-element elementor-element-d9fae1d elementor-section-boxed elementor-section-height-default elementor-section-height-default\" data-id=\"d9fae1d\" data-element_type=\"section\">\n\t\t\t\t\t\t<div class=\"elementor-container elementor-column-gap-default\">\n\t\t\t\t\t<div class=\"elementor-column elementor-col-100 elementor-top-column elementor-element elementor-element-870e015\" data-id=\"870e015\" data-element_type=\"column\">\n\t\t\t<div class=\"elementor-widget-wrap elementor-element-populated\">\n\t\t\t\t\t\t<div class=\"elementor-element elementor-element-9f8272c elementor-widget-divider--view-line elementor-widget elementor-widget-divider\" data-id=\"9f8272c\" data-element_type=\"widget\" data-widget_type=\"divider.default\">\n\t\t\t\t<div class=\"elementor-widget-container\">\n\t\t\t\t\t\t\t<div class=\"elementor-divider\">\n\t\t\t<span class=\"elementor-divider-separator\">\n\t\t\t\t\t\t<\/span>\n\t\t<\/div>\n\t\t\t\t\t\t<\/div>\n\t\t\t\t<\/div>\n\t\t\t\t<div class=\"elementor-element elementor-element-01bb5f9 elementor-widget elementor-widget-text-editor\" data-id=\"01bb5f9\" data-element_type=\"widget\" data-widget_type=\"text-editor.default\">\n\t\t\t\t<div class=\"elementor-widget-container\">\n\t\t\t\t\t\t\t\t\tEnv\u00ede una solicitud, un correo o haga una llamada:\t\t\t\t\t\t\t\t<\/div>\n\t\t\t\t<\/div>\n\t\t\t\t<div class=\"elementor-element elementor-element-80bae01 elementor-align-center elementor-widget elementor-widget-button\" data-id=\"80bae01\" data-element_type=\"widget\" data-widget_type=\"button.default\">\n\t\t\t\t<div class=\"elementor-widget-container\">\n\t\t\t\t\t\t\t\t\t<div class=\"elementor-button-wrapper\">\n\t\t\t\t\t<a class=\"elementor-button elementor-button-link elementor-size-sm\" href=\"https:\/\/skykitchen.pe\/es\/contact\/\">\n\t\t\t\t\t\t<span class=\"elementor-button-content-wrapper\">\n\t\t\t\t\t\t\t\t\t<span class=\"elementor-button-text\">\u2192 Contacto<\/span>\n\t\t\t\t\t<\/span>\n\t\t\t\t\t<\/a>\n\t\t\t\t<\/div>\n\t\t\t\t\t\t\t\t<\/div>\n\t\t\t\t<\/div>\n\t\t\t\t\t<\/div>\n\t\t<\/div>\n\t\t\t\t\t<\/div>\n\t\t<\/section>\n\t\t\t\t<\/div>","protected":false},"excerpt":{"rendered":"<p>Directions Address: SkyKitchenEnrique Palacios 470, Door No. 701Miraflores, Lima15074 Lima &#8211; Per\u00fa Important: If you have booked a class with Market tour, we will meet directly at the market (see below) Hot to get to us: Use the following Google maps link to locate us:https:\/\/goo.gl\/maps\/h4jXJ2fMDMz Tip:If you use a Taxi App or a Maps App, [&hellip;]<\/p>","protected":false},"author":1,"featured_media":0,"parent":0,"menu_order":0,"comment_status":"closed","ping_status":"closed","template":"","meta":{"site-sidebar-layout":"no-sidebar","site-content-layout":"page-builder","ast-site-content-layout":"","site-content-style":"default","site-sidebar-style":"default","ast-global-header-display":"","ast-banner-title-visibility":"","ast-main-header-display":"","ast-hfb-above-header-display":"","ast-hfb-below-header-display":"","ast-hfb-mobile-header-display":"","site-post-title":"disabled","ast-breadcrumbs-content":"","ast-featured-img":"","footer-sml-layout":"","theme-transparent-header-meta":"enabled","adv-header-id-meta":"","stick-header-meta":"","header-above-stick-meta":"","header-main-stick-meta":"","header-below-stick-meta":"","astra-migrate-meta-layouts":"default","ast-page-background-enabled":"default","ast-page-background-meta":{"desktop":{"background-color":"","background-image":"","background-repeat":"repeat","background-position":"center center","background-size":"auto","background-attachment":"scroll","background-type":"","background-media":"","overlay-type":"","overlay-color":"","overlay-opacity":"","overlay-gradient":""},"tablet":{"background-color":"","background-image":"","background-repeat":"repeat","background-position":"center center","background-size":"auto","background-attachment":"scroll","background-type":"","background-media":"","overlay-type":"","overlay-color":"","overlay-opacity":"","overlay-gradient":""},"mobile":{"background-color":"","background-image":"","background-repeat":"repeat","background-position":"center center","background-size":"auto","background-attachment":"scroll","background-type":"","background-media":"","overlay-type":"","overlay-color":"","overlay-opacity":"","overlay-gradient":""}},"ast-content-background-meta":{"desktop":{"background-color":"var(--ast-global-color-5)","background-image":"","background-repeat":"repeat","background-position":"center center","background-size":"auto","background-attachment":"scroll","background-type":"","background-media":"","overlay-type":"","overlay-color":"","overlay-opacity":"","overlay-gradient":""},"tablet":{"background-color":"var(--ast-global-color-5)","background-image":"","background-repeat":"repeat","background-position":"center center","background-size":"auto","background-attachment":"scroll","background-type":"","background-media":"","overlay-type":"","overlay-color":"","overlay-opacity":"","overlay-gradient":""},"mobile":{"background-color":"var(--ast-global-color-5)","background-image":"","background-repeat":"repeat","background-position":"center center","background-size":"auto","background-attachment":"scroll","background-type":"","background-media":"","overlay-type":"","overlay-color":"","overlay-opacity":"","overlay-gradient":""}},"_joinchat":[],"footnotes":""},"class_list":["post-501","page","type-page","status-publish","hentry"],"_links":{"self":[{"href":"https:\/\/skykitchen.pe\/es\/wp-json\/wp\/v2\/pages\/501","targetHints":{"allow":["GET"]}}],"collection":[{"href":"https:\/\/skykitchen.pe\/es\/wp-json\/wp\/v2\/pages"}],"about":[{"href":"https:\/\/skykitchen.pe\/es\/wp-json\/wp\/v2\/types\/page"}],"author":[{"embeddable":true,"href":"https:\/\/skykitchen.pe\/es\/wp-json\/wp\/v2\/users\/1"}],"replies":[{"embeddable":true,"href":"https:\/\/skykitchen.pe\/es\/wp-json\/wp\/v2\/comments?post=501"}],"version-history":[{"count":87,"href":"https:\/\/skykitchen.pe\/es\/wp-json\/wp\/v2\/pages\/501\/revisions"}],"predecessor-version":[{"id":1206,"href":"https:\/\/skykitchen.pe\/es\/wp-json\/wp\/v2\/pages\/501\/revisions\/1206"}],"wp:attachment":[{"href":"https:\/\/skykitchen.pe\/es\/wp-json\/wp\/v2\/media?parent=501"}],"curies":[{"name":"wp","href":"https:\/\/api.w.org\/{rel}","templated":true}]}}